{"id":6,"date":"2021-06-29T04:58:21","date_gmt":"2021-06-29T07:58:21","guid":{"rendered":"https:\/\/eduardoamorim.site\/?page_id=6"},"modified":"2026-01-21T12:53:26","modified_gmt":"2026-01-21T15:53:26","slug":"o-novo-umoma-abre-suas-portas-2","status":"publish","type":"page","link":"https:\/\/eduardoamorim.site\/","title":{"rendered":"Eduardo Amorim- Finan\u00e7as e Investimentos"},"content":{"rendered":"\t\t<div data-elementor-type=\"wp-page\" data-elementor-id=\"6\" class=\"elementor elementor-6\" data-elementor-post-type=\"page\">\n\t\t\t\t<div class=\"elementor-element elementor-element-360b8540 e-flex e-con-boxed e-con e-parent\" data-id=\"360b8540\" data-element_type=\"container\" data-e-type=\"container\" data-settings=\"{&quot;background_background&quot;:&quot;classic&quot;,&quot;jet_parallax_layout_list&quot;:[]}\">\n\t\t\t\t\t<div class=\"e-con-inner\">\n\t\t\t\t<div class=\"elementor-element elementor-element-f498a3b elementor-nav-menu__align-end elementor-nav-menu--dropdown-tablet elementor-nav-menu__text-align-aside elementor-nav-menu--toggle elementor-nav-menu--burger elementor-widget elementor-widget-nav-menu\" data-id=\"f498a3b\" data-element_type=\"widget\" data-e-type=\"widget\" data-settings=\"{&quot;toggle_icon_hover_animation&quot;:&quot;pulse-grow&quot;,&quot;layout&quot;:&quot;horizontal&quot;,&quot;submenu_icon&quot;:{&quot;value&quot;:&quot;&lt;i class=\\&quot;fas fa-caret-down\\&quot; aria-hidden=\\&quot;true\\&quot;&gt;&lt;\\\/i&gt;&quot;,&quot;library&quot;:&quot;fa-solid&quot;},&quot;toggle&quot;:&quot;burger&quot;}\" data-widget_type=\"nav-menu.default\">\n\t\t\t\t<div class=\"elementor-widget-container\">\n\t\t\t\t\t\t\t\t<nav aria-label=\"Menu\" class=\"elementor-nav-menu--main elementor-nav-menu__container elementor-nav-menu--layout-horizontal e--pointer-text e--animation-grow\">\n\t\t\t\t<ul id=\"menu-1-f498a3b\" class=\"elementor-nav-menu\"><li class=\"menu-item menu-item-type-post_type menu-item-object-page menu-item-home menu-item-9226\"><a href=\"https:\/\/eduardoamorim.site\/\" class=\"elementor-item\">In\u00edcio<\/a><\/li>\n<li class=\"menu-item menu-item-type-post_type menu-item-object-page current_page_parent menu-item-9227\"><a href=\"https:\/\/eduardoamorim.site\/?page_id=394\" class=\"elementor-item\">Carta Mensal<\/a><\/li>\n<li class=\"menu-item menu-item-type-post_type menu-item-object-page menu-item-9228\"><a href=\"https:\/\/eduardoamorim.site\/?page_id=989\" class=\"elementor-item\">\u00c1rea do Cliente<\/a><\/li>\n<\/ul>\t\t\t<\/nav>\n\t\t\t\t\t<div class=\"elementor-menu-toggle\" role=\"button\" tabindex=\"0\" aria-label=\"Alternar menu\" aria-expanded=\"false\">\n\t\t\t<i aria-hidden=\"true\" role=\"presentation\" class=\"elementor-menu-toggle__icon--open elementor-animation-pulse-grow eicon-menu-bar\"><\/i><i aria-hidden=\"true\" role=\"presentation\" class=\"elementor-menu-toggle__icon--close elementor-animation-pulse-grow eicon-close\"><\/i>\t\t<\/div>\n\t\t\t\t\t<nav class=\"elementor-nav-menu--dropdown elementor-nav-menu__container\" aria-hidden=\"true\">\n\t\t\t\t<ul id=\"menu-2-f498a3b\" class=\"elementor-nav-menu\"><li class=\"menu-item menu-item-type-post_type menu-item-object-page menu-item-home menu-item-9226\"><a href=\"https:\/\/eduardoamorim.site\/\" class=\"elementor-item\" tabindex=\"-1\">In\u00edcio<\/a><\/li>\n<li class=\"menu-item menu-item-type-post_type menu-item-object-page current_page_parent menu-item-9227\"><a href=\"https:\/\/eduardoamorim.site\/?page_id=394\" class=\"elementor-item\" tabindex=\"-1\">Carta Mensal<\/a><\/li>\n<li class=\"menu-item menu-item-type-post_type menu-item-object-page menu-item-9228\"><a href=\"https:\/\/eduardoamorim.site\/?page_id=989\" class=\"elementor-item\" tabindex=\"-1\">\u00c1rea do Cliente<\/a><\/li>\n<\/ul>\t\t\t<\/nav>\n\t\t\t\t\t\t<\/div>\n\t\t\t\t<\/div>\n\t\t\t\t\t<\/div>\n\t\t\t\t<\/div>\n\t\t\t\t<section class=\"elementor-section elementor-top-section elementor-element elementor-element-533b08bc elementor-section-boxed elementor-section-height-default elementor-section-height-default\" data-id=\"533b08bc\" data-element_type=\"section\" data-e-type=\"section\" data-settings=\"{&quot;jet_parallax_layout_list&quot;:[],&quot;background_background&quot;:&quot;classic&quot;}\">\n\t\t\t\t\t\t<div class=\"elementor-container elementor-column-gap-no\">\n\t\t\t\t\t<div class=\"elementor-column elementor-col-100 elementor-top-column elementor-element elementor-element-205426f2\" data-id=\"205426f2\" data-element_type=\"column\" data-e-type=\"column\">\n\t\t\t<div class=\"elementor-widget-wrap elementor-element-populated\">\n\t\t\t\t\t\t<div class=\"elementor-element elementor-element-1b9ec974 elementor-widget elementor-widget-jet-slider\" data-id=\"1b9ec974\" data-element_type=\"widget\" data-e-type=\"widget\" data-settings=\"{&quot;slider_height&quot;:{&quot;unit&quot;:&quot;px&quot;,&quot;size&quot;:689,&quot;sizes&quot;:[]},&quot;slider_height_mobile&quot;:{&quot;unit&quot;:&quot;px&quot;,&quot;size&quot;:380,&quot;sizes&quot;:[]},&quot;slider_height_tablet&quot;:{&quot;unit&quot;:&quot;px&quot;,&quot;size&quot;:&quot;&quot;,&quot;sizes&quot;:[]}}\" data-widget_type=\"jet-slider.default\">\n\t\t\t\t<div class=\"elementor-widget-container\">\n\t\t\t\t\t<div class=\"elementor-jet-slider jet-elements\">\n<div class=\"jet-slider jet-slider__image-exact\" data-settings='{&quot;sliderWidth&quot;:1,&quot;sliderHeight&quot;:1,&quot;sliderNavigation&quot;:false,&quot;sliderNavigationIcon&quot;:&quot;jet-slider__arrow-icon-1b9ec974&quot;,&quot;sliderNaviOnHover&quot;:false,&quot;sliderPagination&quot;:true,&quot;sliderAutoplay&quot;:true,&quot;sliderAutoplayDelay&quot;:8000,&quot;sliderAutoplayOnHover&quot;:&quot;pause&quot;,&quot;sliderFullScreen&quot;:false,&quot;sliderFullscreenIcon&quot;:&quot;jet-slider__fullscreen-icon-1b9ec974&quot;,&quot;sliderShuffle&quot;:false,&quot;sliderLoop&quot;:true,&quot;sliderFadeMode&quot;:false,&quot;slideDistance&quot;:1,&quot;slideDuration&quot;:500,&quot;imageScaleMode&quot;:&quot;exact&quot;,&quot;thumbnails&quot;:false,&quot;thumbnailWidth&quot;:120,&quot;thumbnailHeight&quot;:80,&quot;rightToLeft&quot;:false,&quot;touchswipe&quot;:true,&quot;fractionPag&quot;:false,&quot;fractionPrefix&quot;:&quot;&quot;,&quot;fractionSeparator&quot;:&quot;\\\/&quot;,&quot;fractionSuffix&quot;:&quot;&quot;,&quot;autoSliderHeight&quot;:false}'>\n\t\n<div  class=\"slider-pro\">\n\t<div class=\"jet-slider__arrow-icon-1b9ec974 hidden-html\"><\/div><div class=\"jet-slider__fullscreen-icon-1b9ec974 hidden-html\"><\/div>\t<div class=\"jet-slider__items sp-slides\">\n\n\n<div  class=\"jet-slider__item sp-slide elementor-repeater-item-gh680p3\"><img decoding=\"async\" class=\"sp-image\" src=\"https:\/\/eduardoamorim.site\/wp-content\/uploads\/2026\/01\/papel-de-parede-1.png\" alt=\"papel-de-parede\" loading=\"lazy\"><div class=\"jet-slider__content sp-layer \" data-position=\"centerCenter\" data-width=\"100%\" data-height=\"100%\" data-horizontal=\"0%\" data-show-transition=\"up\" data-show-duration=\"400\" data-show-delay=\"400\" >\n\t\t<div class=\"jet-slider__content-item\">\n\t\t\t<div class=\"jet-slider__content-inner\"> \n\n\t\t\t\t\t\t<div class=\"jet-slider__button-wrapper\">\t\t\t\t\t\t<\/div><\/div>\n\t\t<\/div>\n\t\t\t<\/div>\n<\/div>\n\n<div  class=\"jet-slider__item sp-slide elementor-repeater-item-e0c0f79\"><img decoding=\"async\" class=\"sp-image\" src=\"https:\/\/eduardoamorim.site\/wp-content\/uploads\/2026\/01\/capa-e1768868001341.png\" alt=\"capa\" loading=\"lazy\"><div class=\"jet-slider__content sp-layer \" data-position=\"centerCenter\" data-width=\"100%\" data-height=\"100%\" data-horizontal=\"0%\" data-show-transition=\"up\" data-show-duration=\"400\" data-show-delay=\"400\" >\n\t\t<div class=\"jet-slider__content-item\">\n\t\t\t<div class=\"jet-slider__content-inner\"><h5 class=\"jet-slider__title\">INVESTIMENTOS <\/h5><h5 class=\"jet-slider__subtitle\">Gest\u00e3o Financeira<\/h5><div class=\"jet-slider__desc\">Oferecemos toda a gest\u00e3o financeira para nossos clientes que desejam investir em renda vari\u00e1vel, assim aumentando seus rendimentos.\nNosso m\u00e9todo foi desenvolvido para que possamos aumentar seus lucros com um baixo risco para o seu capital.<\/div> \n\n\t\t\t\t\t\t<div class=\"jet-slider__button-wrapper\">\t\t\t\t\t\t<\/div><\/div>\n\t\t<\/div>\n\t\t\t<\/div>\n<\/div>\n\n<div  class=\"jet-slider__item sp-slide elementor-repeater-item-dbgkqe1\"><img decoding=\"async\" class=\"sp-image\" src=\"https:\/\/eduardoamorim.site\/wp-content\/uploads\/2026\/01\/capa-e1768868001341.png\" alt=\"capa\" loading=\"lazy\"><div class=\"jet-slider__content sp-layer \" data-position=\"centerCenter\" data-width=\"100%\" data-height=\"100%\" data-horizontal=\"0%\" data-show-transition=\"up\" data-show-duration=\"400\" data-show-delay=\"400\" >\n\t\t<div class=\"jet-slider__content-item\">\n\t\t\t<div class=\"jet-slider__content-inner\"><h5 class=\"jet-slider__title\">UNI\u00c3O DE RECURSOS<\/h5><h5 class=\"jet-slider__subtitle\">Fundo de Investimentos<\/h5><div class=\"jet-slider__desc\">\u00e9 a uni\u00e3o de recursos de diversos investidores, estruturada sob a forma de condom\u00ednio. Esses recursos s\u00e3o reunidos com o objetivo de serem aplicados em uma carteira diversificada de ativos financeiros. Ao investir em um fundo, o investidor conta com a gest\u00e3o de profissionais especializados, respons\u00e1veis por analisar diferentes alternativas de investimento e buscar as melhores oportunidades, visando sempre a melhor rela\u00e7\u00e3o entre risco e retorno para o capital aplicado.<\/div> \n\n\t\t\t\t\t\t<div class=\"jet-slider__button-wrapper\">\t\t\t\t\t\t<\/div><\/div>\n\t\t<\/div>\n\t\t\t<\/div>\n<\/div>\n\n<div  class=\"jet-slider__item sp-slide elementor-repeater-item-j1pvjpq\"><img decoding=\"async\" class=\"sp-image\" src=\"https:\/\/eduardoamorim.site\/wp-content\/uploads\/2026\/01\/capa-e1768868001341.png\" alt=\"capa\" loading=\"lazy\"><div class=\"jet-slider__content sp-layer \" data-position=\"centerCenter\" data-width=\"100%\" data-height=\"100%\" data-horizontal=\"0%\" data-show-transition=\"up\" data-show-duration=\"400\" data-show-delay=\"400\" >\n\t\t<div class=\"jet-slider__content-item\">\n\t\t\t<div class=\"jet-slider__content-inner\"><h5 class=\"jet-slider__title\">HEDGE<\/h5><h5 class=\"jet-slider__subtitle\">Estrat\u00e9gia do fundo<\/h5><div class=\"jet-slider__desc\">Hedge \u00e9 uma estrat\u00e9gia utilizada para proteger investimentos contra grandes varia\u00e7\u00f5es de pre\u00e7o, resguardando posi\u00e7\u00f5es j\u00e1 assumidas. O principal objetivo do hedge \u00e9 reduzir ou at\u00e9 eliminar a possibilidade de perdas futuras decorrentes da volatilidade do mercado.\n\nEssa prote\u00e7\u00e3o \u00e9 realizada por meio da defini\u00e7\u00e3o antecipada de pre\u00e7os futuros de ativos, com base nas cota\u00e7\u00f5es atuais. Como os pre\u00e7os de mercado podem oscilar significativamente, o hedge oferece um n\u00edvel de previsibilidade, permitindo ao investidor maior seguran\u00e7a na gest\u00e3o de seus riscos.<\/div> \n\n\t\t\t\t\t\t<div class=\"jet-slider__button-wrapper\">\t\t\t\t\t\t<\/div><\/div>\n\t\t<\/div>\n\t\t\t<\/div>\n<\/div>\n\n<div  class=\"jet-slider__item sp-slide elementor-repeater-item-24090k1\"><img decoding=\"async\" class=\"sp-image\" src=\"https:\/\/eduardoamorim.site\/wp-content\/uploads\/2026\/01\/capa-e1768868001341.png\" alt=\"capa\" loading=\"lazy\"><div class=\"jet-slider__content sp-layer \" data-position=\"centerCenter\" data-width=\"100%\" data-height=\"100%\" data-horizontal=\"0%\" data-show-transition=\"up\" data-show-duration=\"400\" data-show-delay=\"400\" >\n\t\t<div class=\"jet-slider__content-item\">\n\t\t\t<div class=\"jet-slider__content-inner\"><h5 class=\"jet-slider__title\">DIVERSIDADE<\/h5><h5 class=\"jet-slider__subtitle\">Bolsa de Valores<\/h5><div class=\"jet-slider__desc\">Investir em renda vari\u00e1vel busca maior rentabilidade do que a renda fixa, assumindo riscos mais elevados em troca de potencial de retorno superior.\nEssa modalidade permite participar de empresas, negociar ativos, derivativos e fundos, oferecendo diversidade de produtos e estrat\u00e9gias para montar uma carteira alinhada aos objetivos financeiros.<\/div> \n\n\t\t\t\t\t\t<div class=\"jet-slider__button-wrapper\">\t\t\t\t\t\t<\/div><\/div>\n\t\t<\/div>\n\t\t\t<\/div>\n<\/div>\n\n<\/div>\n<\/div>\n<\/div>\n<\/div>\t\t\t\t<\/div>\n\t\t\t\t<\/div>\n\t\t\t\t\t<\/div>\n\t\t<\/div>\n\t\t\t\t\t<\/div>\n\t\t<\/section>\n\t\t<div class=\"elementor-element elementor-element-b40f360 e-flex e-con-boxed e-con e-parent\" data-id=\"b40f360\" data-element_type=\"container\" data-e-type=\"container\" data-settings=\"{&quot;background_background&quot;:&quot;classic&quot;,&quot;jet_parallax_layout_list&quot;:[]}\">\n\t\t\t\t\t<div class=\"e-con-inner\">\n\t\t\t\t<div class=\"elementor-element elementor-element-63398ea elementor-drop-cap-yes elementor-drop-cap-view-default elementor-widget elementor-widget-text-editor\" data-id=\"63398ea\" data-element_type=\"widget\" data-e-type=\"widget\" data-settings=\"{&quot;drop_cap&quot;:&quot;yes&quot;}\" data-widget_type=\"text-editor.default\">\n\t\t\t\t<div class=\"elementor-widget-container\">\n\t\t\t\t\t\t\t\t\t<p data-start=\"82\" data-end=\"472\"><strong data-start=\"82\" data-end=\"112\"><span dir=\"auto\" style=\"vertical-align: inherit;\"><span dir=\"auto\" style=\"vertical-align: inherit;\"><span dir=\"auto\" style=\"vertical-align: inherit;\"><span dir=\"auto\" style=\"vertical-align: inherit;\">A gest\u00e3o de renda vari\u00e1vel<\/span><\/span><\/span><\/span><\/strong><span dir=\"auto\" style=\"vertical-align: inherit;\"><span dir=\"auto\" style=\"vertical-align: inherit;\"><span dir=\"auto\" style=\"vertical-align: inherit;\"><span dir=\"auto\" style=\"vertical-align: inherit;\"> tem como foco principal a negocia\u00e7\u00e3o de a\u00e7\u00f5es, incluindo aquelas que comp\u00f5em o \u00cdndice Ibovespa \u2014 o principal indicador do mercado acion\u00e1rio brasileiro. Nossa empresa oferece aos clientes a mesma estrat\u00e9gia utilizada por nosso s\u00f3cio propriet\u00e1rio para investir parte de seu patrim\u00f4nio, refletindo nosso compromisso com transpar\u00eancia e alinhamento de interesses.<\/span><\/span><\/span><\/span><\/p><p data-start=\"474\" data-end=\"814\"><span dir=\"auto\" style=\"vertical-align: inherit;\"><span dir=\"auto\" style=\"vertical-align: inherit;\"><span dir=\"auto\" style=\"vertical-align: inherit;\"><span dir=\"auto\" style=\"vertical-align: inherit;\">Atualmente, nossa estrat\u00e9gia abrange todo o mercado brasileiro e \u00e9 conduzida por um gestor experiente, baseado na capital do pa\u00eds. Esse profissional possui s\u00f3lida forma\u00e7\u00e3o e profundo conhecimento do mercado, atuando com base em an\u00e1lises t\u00e9cnicas, fundamentos econ\u00f4micos e cen\u00e1rios macroecon\u00f4micos para embasar suas decis\u00f5es de investimento.<\/span><\/span><\/span><\/span><\/p><p data-start=\"816\" data-end=\"1131\"><span dir=\"auto\" style=\"vertical-align: inherit;\"><span dir=\"auto\" style=\"vertical-align: inherit;\"><span dir=\"auto\" style=\"vertical-align: inherit;\"><span dir=\"auto\" style=\"vertical-align: inherit;\">\u00c9 importante destacar que investimentos em renda vari\u00e1vel envolvem riscos, j\u00e1 que os pre\u00e7os das a\u00e7\u00f5es podem apresentar oscila\u00e7\u00f5es expressivas. Por isso, recomendamos que os investidores busquem orienta\u00e7\u00e3o profissional antes de tomar decis\u00f5es, a fim de alinhar os investimentos ao seu perfil e objetivos financeiros.<\/span><\/span><\/span><\/span><\/p><p data-start=\"1133\" data-end=\"1435\"><span dir=\"auto\" style=\"vertical-align: inherit;\"><span dir=\"auto\" style=\"vertical-align: inherit;\"><span dir=\"auto\" style=\"vertical-align: inherit;\"><span dir=\"auto\" style=\"vertical-align: inherit;\">Nosso compromisso \u00e9 oferecer uma gest\u00e3o s\u00f3lida, respons\u00e1vel e fundamentada na expertise adquirida ao longo dos anos no mercado de a\u00e7\u00f5es brasileiro. Trabalhamos para apoiar nossos clientes na conquista de seus objetivos financeiros, por meio de estrat\u00e9gias bem estruturadas e gerenciadas com excel\u00eancia.<\/span><\/span><\/span><\/span><\/p>\t\t\t\t\t\t\t\t<\/div>\n\t\t\t\t<\/div>\n\t\t\t\t\t<\/div>\n\t\t\t\t<\/div>\n\t\t<div class=\"elementor-element elementor-element-123aedb e-flex e-con-boxed e-con e-parent\" data-id=\"123aedb\" data-element_type=\"container\" data-e-type=\"container\" data-settings=\"{&quot;background_background&quot;:&quot;classic&quot;,&quot;jet_parallax_layout_list&quot;:[]}\">\n\t\t\t\t\t<div class=\"e-con-inner\">\n\t\t<div class=\"elementor-element elementor-element-a19c3b4 e-con-full e-flex e-con e-child\" data-id=\"a19c3b4\" data-element_type=\"container\" data-e-type=\"container\" data-settings=\"{&quot;background_background&quot;:&quot;classic&quot;,&quot;jet_parallax_layout_list&quot;:[]}\">\n\t\t\t\t<div class=\"elementor-element elementor-element-b80c49f elementor-widget elementor-widget-heading\" data-id=\"b80c49f\" data-element_type=\"widget\" data-e-type=\"widget\" data-widget_type=\"heading.default\">\n\t\t\t\t<div class=\"elementor-widget-container\">\n\t\t\t\t\t<p class=\"elementor-heading-title elementor-size-default\">\u00a9 2026 Todos os direitos reservados.<\/p>\t\t\t\t<\/div>\n\t\t\t\t<\/div>\n\t\t\t\t<\/div>\n\t\t<div class=\"elementor-element elementor-element-1747874 e-con-full e-flex e-con e-child\" data-id=\"1747874\" data-element_type=\"container\" data-e-type=\"container\" data-settings=\"{&quot;background_background&quot;:&quot;classic&quot;,&quot;jet_parallax_layout_list&quot;:[]}\">\n\t\t\t\t<div class=\"elementor-element elementor-element-d28c0a9 elementor-widget elementor-widget-image\" data-id=\"d28c0a9\" data-element_type=\"widget\" data-e-type=\"widget\" data-widget_type=\"image.default\">\n\t\t\t\t<div class=\"elementor-widget-container\">\n\t\t\t\t\t\t\t\t\t\t\t\t\t\t\t<img decoding=\"async\" width=\"300\" height=\"36\" src=\"https:\/\/eduardoamorim.site\/wp-content\/uploads\/2026\/01\/cropped-cropped-papel-de-parede-1-e1768865715960-300x36.png\" class=\"attachment-medium size-medium wp-image-9194\" alt=\"\" srcset=\"https:\/\/eduardoamorim.site\/wp-content\/uploads\/2026\/01\/cropped-cropped-papel-de-parede-1-e1768865715960-300x36.png 300w, https:\/\/eduardoamorim.site\/wp-content\/uploads\/2026\/01\/cropped-cropped-papel-de-parede-1-e1768865715960-1024x124.png 1024w, https:\/\/eduardoamorim.site\/wp-content\/uploads\/2026\/01\/cropped-cropped-papel-de-parede-1-e1768865715960-768x93.png 768w, https:\/\/eduardoamorim.site\/wp-content\/uploads\/2026\/01\/cropped-cropped-papel-de-parede-1-e1768865715960-1536x186.png 1536w, https:\/\/eduardoamorim.site\/wp-content\/uploads\/2026\/01\/cropped-cropped-papel-de-parede-1-e1768865715960.png 1919w\" sizes=\"(max-width: 300px) 100vw, 300px\" \/>\t\t\t\t\t\t\t\t\t\t\t\t\t\t\t<\/div>\n\t\t\t\t<\/div>\n\t\t\t\t<\/div>\n\t\t<div class=\"elementor-element elementor-element-65813ba e-con-full e-flex e-con e-child\" data-id=\"65813ba\" data-element_type=\"container\" data-e-type=\"container\" data-settings=\"{&quot;background_background&quot;:&quot;classic&quot;,&quot;jet_parallax_layout_list&quot;:[]}\">\n\t\t\t\t<div class=\"elementor-element elementor-element-bd4c566 elementor-shape-square elementor-grid-0 e-grid-align-center elementor-widget elementor-widget-social-icons\" data-id=\"bd4c566\" data-element_type=\"widget\" data-e-type=\"widget\" data-widget_type=\"social-icons.default\">\n\t\t\t\t<div class=\"elementor-widget-container\">\n\t\t\t\t\t\t\t<div class=\"elementor-social-icons-wrapper elementor-grid\" role=\"list\">\n\t\t\t\t\t\t\t<span class=\"elementor-grid-item\" role=\"listitem\">\n\t\t\t\t\t<a class=\"elementor-icon elementor-social-icon elementor-social-icon-x-twitter elementor-animation-pulse elementor-repeater-item-21210a8\" href=\"https:\/\/twitter.com\/eduardoamorimof\" target=\"_blank\">\n\t\t\t\t\t\t<span class=\"elementor-screen-only\">X-twitter<\/span>\n\t\t\t\t\t\t<i aria-hidden=\"true\" class=\"fab fa-x-twitter\"><\/i>\t\t\t\t\t<\/a>\n\t\t\t\t<\/span>\n\t\t\t\t\t\t\t<span class=\"elementor-grid-item\" role=\"listitem\">\n\t\t\t\t\t<a class=\"elementor-icon elementor-social-icon elementor-social-icon-instagram elementor-animation-pulse elementor-repeater-item-e28975a\" href=\"https:\/\/www.instagram.com\/eduardoamorimof\/\" target=\"_blank\">\n\t\t\t\t\t\t<span class=\"elementor-screen-only\">Instagram<\/span>\n\t\t\t\t\t\t<i aria-hidden=\"true\" class=\"fab fa-instagram\"><\/i>\t\t\t\t\t<\/a>\n\t\t\t\t<\/span>\n\t\t\t\t\t<\/div>\n\t\t\t\t\t\t<\/div>\n\t\t\t\t<\/div>\n\t\t\t\t<\/div>\n\t\t\t\t\t<\/div>\n\t\t\t\t<\/div>\n\t\t\t\t<\/div>\n\t\t","protected":false},"excerpt":{"rendered":"<p>INVESTIMENTOS Gest\u00e3o Financeira Oferecemos toda a gest\u00e3o financeira para nossos clientes que desejam investir em renda vari\u00e1vel, assim aumentando seus rendimentos. Nosso m\u00e9todo foi desenvolvido para que possamos aumentar seus lucros com um baixo risco para o seu capital. UNI\u00c3O DE RECURSOS Fundo de Investimentos \u00e9 a uni\u00e3o de recursos de diversos investidores, estruturada sob [&hellip;]<\/p>\n","protected":false},"author":1,"featured_media":0,"parent":0,"menu_order":0,"comment_status":"closed","ping_status":"closed","template":"elementor_canvas","meta":{"_themeisle_gutenberg_block_has_review":false,"footnotes":""},"class_list":["post-6","page","type-page","status-publish","hentry"],"_links":{"self":[{"href":"https:\/\/eduardoamorim.site\/index.php?rest_route=\/wp\/v2\/pages\/6","targetHints":{"allow":["GET"]}}],"collection":[{"href":"https:\/\/eduardoamorim.site\/index.php?rest_route=\/wp\/v2\/pages"}],"about":[{"href":"https:\/\/eduardoamorim.site\/index.php?rest_route=\/wp\/v2\/types\/page"}],"author":[{"embeddable":true,"href":"https:\/\/eduardoamorim.site\/index.php?rest_route=\/wp\/v2\/users\/1"}],"replies":[{"embeddable":true,"href":"https:\/\/eduardoamorim.site\/index.php?rest_route=%2Fwp%2Fv2%2Fcomments&post=6"}],"version-history":[{"count":141,"href":"https:\/\/eduardoamorim.site\/index.php?rest_route=\/wp\/v2\/pages\/6\/revisions"}],"predecessor-version":[{"id":9327,"href":"https:\/\/eduardoamorim.site\/index.php?rest_route=\/wp\/v2\/pages\/6\/revisions\/9327"}],"wp:attachment":[{"href":"https:\/\/eduardoamorim.site\/index.php?rest_route=%2Fwp%2Fv2%2Fmedia&parent=6"}],"curies":[{"name":"wp","href":"https:\/\/api.w.org\/{rel}","templated":true}]}}